{"id":48,"date":"2018-08-17T13:29:50","date_gmt":"2018-08-17T13:29:50","guid":{"rendered":"http:\/\/apartment-im-schlossviertel.de\/?page_id=48"},"modified":"2018-08-20T09:44:31","modified_gmt":"2018-08-20T09:44:31","slug":"impressum","status":"publish","type":"page","link":"https:\/\/apartment-im-schlossviertel.de\/?page_id=48","title":{"rendered":"IMPRESSUM"},"content":{"rendered":"<p>Die auf dieser Website befindlichen externen Links wurden nach bestem Wissen erstellt und sorgf\u00e4ltig gepr\u00fcft. F\u00fcr nachtr\u00e4gliche \u00c4nderungen dieser Seiten \u00fcbernehmen wir keine Haftung. Die auf dieser Website ver\u00f6ffentlichten Bilder sind urheberrechtlich gesch\u00fctzt.<\/p>\n<p>\u00a9 by Fotografie \u2014 Ines Escherich,<\/p>\n<p>Fotografie: Ines Escherich<br \/>\nKonzeption, Gestaltung und Programmierung: Kati Hilmer; Fa. Fotografie \u2014 Ines Escherich<\/p>\n<p>Ines Escherich \u2013 Fotografie<br \/>\nBergstra\u00dfe 31<br \/>\n09113 Chemnitz<br \/>\nTelefon: 0049 371.3 30 21 75<\/p>\n<p>&nbsp;<\/p>\n<p>Zust\u00e4ndige Kammer:<br \/>\nHandwerkskammer Chemnitz<br \/>\nLimbacher Str. 195<br \/>\n09116 Chemnitz<\/p>\n<p>Berufsbezeichnung: Handwerksmeister (verliehen in der Bundesrepublik Deutschland)<\/p>\n<p>Berufsrechtliche Regelungen: Handwerksordnung (zu finden im Bundesgesetzblatt I, Seite 3074 in der Fassung vom 24. September 1998***)<\/p>\n<p>Umsatzsteuer-Identifikationsnummer gem\u00e4\u00df \u00a727a Umsatzsteuergesetz: DE 220 914 081<\/p>\n","protected":false},"excerpt":{"rendered":"<p>Die auf dieser Website befindlichen externen Links wurden nach bestem Wissen erstellt und sorgf\u00e4ltig gepr\u00fcft. F\u00fcr nachtr\u00e4gliche \u00c4nderungen dieser Seiten \u00fcbernehmen wir keine Haftung. Die auf dieser Website ver\u00f6ffentlichten Bilder sind urheberrechtlich gesch\u00fctzt. \u00a9 by Fotografie \u2014 Ines Escherich, Fotografie: Ines Escherich Konzeption, Gestaltung und Programmierung: Kati Hilmer; Fa. Fotografie \u2014 Ines Escherich Ines Escherich [&hellip;]<\/p>\n","protected":false},"author":1,"featured_media":0,"parent":0,"menu_order":0,"comment_status":"closed","ping_status":"closed","template":"","meta":[],"yoast_head":"<!-- This site is optimized with the Yoast SEO plugin v17.0 - https:\/\/yoast.com\/wordpress\/plugins\/seo\/ -->\n<title>IMPRESSUM - Apartment im Schlossviertel<\/title>\n<meta name=\"robots\" content=\"index, follow, max-snippet:-1, max-image-preview:large, max-video-preview:-1\" \/>\n<link rel=\"canonical\" href=\"https:\/\/apartment-im-schlossviertel.de\/?page_id=48\" \/>\n<meta property=\"og:locale\" content=\"de_DE\" \/>\n<meta property=\"og:type\" content=\"article\" \/>\n<meta property=\"og:title\" content=\"IMPRESSUM - Apartment im Schlossviertel\" \/>\n<meta property=\"og:description\" content=\"Die auf dieser Website befindlichen externen Links wurden nach bestem Wissen erstellt und sorgf\u00e4ltig gepr\u00fcft. F\u00fcr nachtr\u00e4gliche \u00c4nderungen dieser Seiten \u00fcbernehmen wir keine Haftung. Die auf dieser Website ver\u00f6ffentlichten Bilder sind urheberrechtlich gesch\u00fctzt. \u00a9 by Fotografie \u2014 Ines Escherich, Fotografie: Ines Escherich Konzeption, Gestaltung und Programmierung: Kati Hilmer; Fa. Fotografie \u2014 Ines Escherich Ines Escherich [&hellip;]\" \/>\n<meta property=\"og:url\" content=\"https:\/\/apartment-im-schlossviertel.de\/?page_id=48\" \/>\n<meta property=\"og:site_name\" content=\"Apartment im Schlossviertel\" \/>\n<meta property=\"article:modified_time\" content=\"2018-08-20T09:44:31+00:00\" \/>\n<meta name=\"twitter:card\" content=\"summary_large_image\" \/>\n<script type=\"application\/ld+json\" class=\"yoast-schema-graph\">{\"@context\":\"https:\/\/schema.org\",\"@graph\":[{\"@type\":\"WebSite\",\"@id\":\"https:\/\/apartment-im-schlossviertel.de\/#website\",\"url\":\"https:\/\/apartment-im-schlossviertel.de\/\",\"name\":\"Apartment im Schlossviertel\",\"description\":\"\",\"potentialAction\":[{\"@type\":\"SearchAction\",\"target\":{\"@type\":\"EntryPoint\",\"urlTemplate\":\"https:\/\/apartment-im-schlossviertel.de\/?s={search_term_string}\"},\"query-input\":\"required name=search_term_string\"}],\"inLanguage\":\"de\"},{\"@type\":\"WebPage\",\"@id\":\"https:\/\/apartment-im-schlossviertel.de\/?page_id=48#webpage\",\"url\":\"https:\/\/apartment-im-schlossviertel.de\/?page_id=48\",\"name\":\"IMPRESSUM - Apartment im Schlossviertel\",\"isPartOf\":{\"@id\":\"https:\/\/apartment-im-schlossviertel.de\/#website\"},\"datePublished\":\"2018-08-17T13:29:50+00:00\",\"dateModified\":\"2018-08-20T09:44:31+00:00\",\"breadcrumb\":{\"@id\":\"https:\/\/apartment-im-schlossviertel.de\/?page_id=48#breadcrumb\"},\"inLanguage\":\"de\",\"potentialAction\":[{\"@type\":\"ReadAction\",\"target\":[\"https:\/\/apartment-im-schlossviertel.de\/?page_id=48\"]}]},{\"@type\":\"BreadcrumbList\",\"@id\":\"https:\/\/apartment-im-schlossviertel.de\/?page_id=48#breadcrumb\",\"itemListElement\":[{\"@type\":\"ListItem\",\"position\":1,\"name\":\"Startseite\",\"item\":\"https:\/\/apartment-im-schlossviertel.de\/\"},{\"@type\":\"ListItem\",\"position\":2,\"name\":\"IMPRESSUM\"}]}]}<\/script>\n<!-- \/ Yoast SEO plugin. -->","yoast_head_json":{"title":"IMPRESSUM - Apartment im Schlossviertel","robots":{"index":"index","follow":"follow","max-snippet":"max-snippet:-1","max-image-preview":"max-image-preview:large","max-video-preview":"max-video-preview:-1"},"canonical":"https:\/\/apartment-im-schlossviertel.de\/?page_id=48","og_locale":"de_DE","og_type":"article","og_title":"IMPRESSUM - Apartment im Schlossviertel","og_description":"Die auf dieser Website befindlichen externen Links wurden nach bestem Wissen erstellt und sorgf\u00e4ltig gepr\u00fcft. F\u00fcr nachtr\u00e4gliche \u00c4nderungen dieser Seiten \u00fcbernehmen wir keine Haftung. Die auf dieser Website ver\u00f6ffentlichten Bilder sind urheberrechtlich gesch\u00fctzt. \u00a9 by Fotografie \u2014 Ines Escherich, Fotografie: Ines Escherich Konzeption, Gestaltung und Programmierung: Kati Hilmer; Fa. Fotografie \u2014 Ines Escherich Ines Escherich [&hellip;]","og_url":"https:\/\/apartment-im-schlossviertel.de\/?page_id=48","og_site_name":"Apartment im Schlossviertel","article_modified_time":"2018-08-20T09:44:31+00:00","twitter_card":"summary_large_image","schema":{"@context":"https:\/\/schema.org","@graph":[{"@type":"WebSite","@id":"https:\/\/apartment-im-schlossviertel.de\/#website","url":"https:\/\/apartment-im-schlossviertel.de\/","name":"Apartment im Schlossviertel","description":"","potentialAction":[{"@type":"SearchAction","target":{"@type":"EntryPoint","urlTemplate":"https:\/\/apartment-im-schlossviertel.de\/?s={search_term_string}"},"query-input":"required name=search_term_string"}],"inLanguage":"de"},{"@type":"WebPage","@id":"https:\/\/apartment-im-schlossviertel.de\/?page_id=48#webpage","url":"https:\/\/apartment-im-schlossviertel.de\/?page_id=48","name":"IMPRESSUM - Apartment im Schlossviertel","isPartOf":{"@id":"https:\/\/apartment-im-schlossviertel.de\/#website"},"datePublished":"2018-08-17T13:29:50+00:00","dateModified":"2018-08-20T09:44:31+00:00","breadcrumb":{"@id":"https:\/\/apartment-im-schlossviertel.de\/?page_id=48#breadcrumb"},"inLanguage":"de","potentialAction":[{"@type":"ReadAction","target":["https:\/\/apartment-im-schlossviertel.de\/?page_id=48"]}]},{"@type":"BreadcrumbList","@id":"https:\/\/apartment-im-schlossviertel.de\/?page_id=48#breadcrumb","itemListElement":[{"@type":"ListItem","position":1,"name":"Startseite","item":"https:\/\/apartment-im-schlossviertel.de\/"},{"@type":"ListItem","position":2,"name":"IMPRESSUM"}]}]}},"_links":{"self":[{"href":"https:\/\/apartment-im-schlossviertel.de\/index.php?rest_route=\/wp\/v2\/pages\/48"}],"collection":[{"href":"https:\/\/apartment-im-schlossviertel.de\/index.php?rest_route=\/wp\/v2\/pages"}],"about":[{"href":"https:\/\/apartment-im-schlossviertel.de\/index.php?rest_route=\/wp\/v2\/types\/page"}],"author":[{"embeddable":true,"href":"https:\/\/apartment-im-schlossviertel.de\/index.php?rest_route=\/wp\/v2\/users\/1"}],"replies":[{"embeddable":true,"href":"https:\/\/apartment-im-schlossviertel.de\/index.php?rest_route=%2Fwp%2Fv2%2Fcomments&post=48"}],"version-history":[{"count":2,"href":"https:\/\/apartment-im-schlossviertel.de\/index.php?rest_route=\/wp\/v2\/pages\/48\/revisions"}],"predecessor-version":[{"id":90,"href":"https:\/\/apartment-im-schlossviertel.de\/index.php?rest_route=\/wp\/v2\/pages\/48\/revisions\/90"}],"wp:attachment":[{"href":"https:\/\/apartment-im-schlossviertel.de\/index.php?rest_route=%2Fwp%2Fv2%2Fmedia&parent=48"}],"curies":[{"name":"wp","href":"https:\/\/api.w.org\/{rel}","templated":true}]}}