{"id":50,"date":"2018-08-17T13:30:01","date_gmt":"2018-08-17T13:30:01","guid":{"rendered":"http:\/\/apartment-im-schlossviertel.de\/?page_id=50"},"modified":"2018-08-20T09:44:45","modified_gmt":"2018-08-20T09:44:45","slug":"datenschutzerklaerung","status":"publish","type":"page","link":"https:\/\/apartment-im-schlossviertel.de\/?page_id=50","title":{"rendered":"DATENSCHUTZERKL\u00c4RUNG"},"content":{"rendered":"<h4><\/h4>\n<p><strong>Datenschutzerkl\u00e4rung von Fotografie \u2013 Ines Escherich<\/strong><\/p>\n<p><strong>\u00a01. Gegenstand dieser Datenschutzerkl\u00e4rung<\/strong><\/p>\n<p>Der Schutz Ihrer personenbezogenen Daten (im Folgenden kurz \u201eDaten\u201c) ist uns ein gro\u00dfes und sehr wichtiges Anliegen. Nachfolgend m\u00f6chten wir Sie daher ausf\u00fchrlich dar\u00fcber informieren, welche Daten bei uns erhoben und wie diese von uns im Folgenden verarbeitet oder genutzt werden, ebenso wie, welche begleitenden Schutzma\u00dfnahmen wir auch in technischer und organisatorischer Hinsicht getroffen haben.<\/p>\n<p>Die Nutzung unserer Webseite ist in der Regel ohne Angabe personenbezogener Daten m\u00f6glich. Soweit auf unseren Seiten personenbezogene Daten (beispielsweise Name, Anschrift oder E-Mail-Adressen) erhoben werden, erfolgt dies, soweit m\u00f6glich, stets auf freiwilliger Basis. Diese Daten werden ohne Ihre ausdr\u00fcckliche Zustimmung nicht an Dritte weitergegeben.<br \/>\nWir weisen darauf hin, dass die Daten\u00fcbertragung im Internet (z.B. bei der Kommunikation per E-Mail) Sicherheitsl\u00fccken aufweisen kann. Ein l\u00fcckenloser Schutz der Daten vor dem Zugriff durch Dritte ist nicht m\u00f6glich.<\/p>\n<p><strong>2. Verantwortliche Stelle<\/strong><\/p>\n<p>Verantwortlicher nach Art. 4 DSGVO und zugleich Diensteanbieter im Sinne des Telemediengesetzes (TMG) ist<\/p>\n<p>Ines Escherich. Bergstra\u00dfe 31, 09113 Chemnitz<\/p>\n<p>Telefon: 0371\/330 21 75 E-Mail:i.escherich(at)t-online.de<\/p>\n<p>Ines Escherich ist verantwortlich nach \u00a7 55 des Rundfunk-Staatsvertrages.<\/p>\n<p><strong>3. Erhebung und Verwendung Ihrer Daten<\/strong><\/p>\n<p>Alle personenbezogenen Daten, die wir von Ihnen erheben, werden wir nur zu dem angegebenen Zweck erheben, verarbeiten und nutzen. Dabei beachten wir, dass dies nur im Rahmen der jeweils geltenden Rechtsvorschriften bzw. ansonsten nur mit Ihrer Einwilligung geschieht.\u00a0Nach der EU-Datenschutzgrundverordnung haben Sie jederzeit ein Recht auf unentgeltliche Auskunft \u00fcber Ihre gespeicherten Daten sowie ggf. ein Recht auf Berichtigung, Sperrung oder L\u00f6schung dieser Daten.\u00a0Sie k\u00f6nnen gem\u00e4\u00df Art. 21 DSGVO in den dort genannten F\u00e4llen Widerspruch gegen die Verarbeitung Ihrer Daten erheben. Bitte wenden Sie sich an \u201c&#x62;&#117;e&#x72;&#111;&#64;&#x69;&#110;d&#x69;&#114;a&#x6c;&#105;n&#x64;&#110;e&#x72;&#46;d&#x65;\u201d oder senden Sie uns Ihr Verlangen per Post.\u00a0Sie haben das Recht zur Beschwerde bei der zust\u00e4ndigen Aufsichtsbeh\u00f6rde f\u00fcr den Datenschutz:<\/p>\n<p>S\u00e4chsischer Datenschutzbeauftragter<\/p>\n<p>Kontor am Landtag<br \/>\nDevrienstra\u00dfe 1<br \/>\n01067 Dresden<br \/>\nTelefon: 0351 493-5401<br \/>\nTelefax: 0351 493-5490<\/p>\n<p>E-Mail &#x73;&#97;&#x65;&#x63;h&#x73;&#100;s&#x62;&#64;s&#x6c;&#116;&#x2e;&#x73;a&#x63;&#104;s&#x65;&#110;&#46;&#x64;&#101;<\/p>\n<p>www.datenschutz.sachsen.de<\/p>\n<p>Umfang und Art der Erhebung und Verwendung Ihrer Daten unterscheidet sich danach, ob Sie unseren Internetauftritt nur zum Abruf von Informationen besuchen oder von uns angebotene Leistungen in Anspruch nehmen:<\/p>\n<p>a) Internetnutzung<\/p>\n<p>F\u00fcr die nur informatorische Nutzung unseres Internetauftritts ist es grunds\u00e4tzlich nicht erforderlich, dass Sie personenbezogene Daten angeben.\u00a0Vielmehr erheben und verwenden wir in diesem Fall nur diejenigen Ihrer Daten, die uns Ihr Internetbrowser automatisch \u00fcbermittelt, wie etwa:<\/p>\n<p>\u2022 Datum und Uhrzeit des Abrufs einer unserer Internetseiten<\/p>\n<p>\u2022 Ihren Browsertyp<\/p>\n<p>\u2022 die Browser-Einstellungen<\/p>\n<p>\u2022 das verwendete Betriebssystem<\/p>\n<p>\u2022 die von Ihnen zuletzt besuchte Seite<\/p>\n<p>\u2022 die \u00fcbertragene Datenmenge und der Zugriffsstatus (Datei \u00fcbertragen, Datei nicht gefunden etc.) sowie<\/p>\n<p>\u2022 Ihre IP-Adresse.<\/p>\n<p>Diese Daten erheben und verwenden wir bei einem informatorischen Besuch ausschlie\u00dflich in nicht-personenbezogener Form. Dies erfolgt, um die Nutzung der von Ihnen abgerufenen Internetseiten \u00fcberhaupt zu erm\u00f6glichen, zu statistischen Zwecken sowie zur Verbesserung unseres Internetangebots. Die IP-Adresse speichern wir nur f\u00fcr die Dauer Ihres Besuchs, eine personenbezogene Auswertung findet nicht statt. Eine Zusammenf\u00fchrung dieser Daten mit anderen Datenquellen wird nicht vorgenommen, die Daten werden zudem nach einer statistischen Auswertung gel\u00f6scht. Dies ist nach der Entscheidung des Europ\u00e4ischen Gerichtshofs vom 19.10.2016 (Az.: C 582\/14) auch in Anbetracht des Telemediengesetzes zul\u00e4ssig.<\/p>\n<p>b) Datenverwendung zur Aufgabenerf\u00fcllung<\/p>\n<p>Ihre Daten werden zu vorgenanntem Zweck ggf. an uns unterst\u00fctzende Dienstleister weitergegeben, die wir selbstverst\u00e4ndlich sorgf\u00e4ltig ausgew\u00e4hlt und zur Einhaltung des Datenschutzrechts verpflichtet haben. Dabei handelt es sich insbesondere um technische Dienstleister.<\/p>\n<p>Die Weitergabe Ihrer Daten an andere Dritte erfolgt ansonsten nur, wenn dies gesetzlich erlaubt ist oder wir Ihre explizite Einwilligung daf\u00fcr erhalten haben.<\/p>\n<p><strong>4. Datenschutzrechtliche Einwilligung<\/strong><\/p>\n<p>F\u00fcr die Ver\u00f6ffentlichung von Bildmaterial, das Ihrem Urheberrecht unterliegt, ben\u00f6tigen wir unter Umst\u00e4nden Ihre Einwilligung.\u00a0Ihre Einwilligung k\u00f6nnen Sie gesondert abgeben. Sie k\u00f6nnen sie im Anschluss jederzeit mit Wirkung f\u00fcr die Zukunft widerrufen.\u00a0Die Einwilligung in Bezug auf Cookies bzw. Werbetracker richtet sich nach untenstehendem \u00a7 5 dieser Erkl\u00e4rung.<\/p>\n<p><strong>5. Einsatz von Cookies<\/strong><\/p>\n<p>F\u00fcr unseren Internetauftritt nutzen wir die Technik der Cookies. Cookies sind kleine Textdateien, die im Rahmen Ihres Besuchs unserer Internetseiten von unserem Webserver an Ihren Browser gesandt und von diesem auf Ihrem Rechner f\u00fcr einen sp\u00e4teren Abruf vorgehalten werden. Wir verwenden ebenfalls sogenannte Web Beacons (unsichtbare Grafiken). Durch diese Web Beacons k\u00f6nnen Informationen wie der Besuch auf unseren Webseiten ausgewertet werden. Die durch Cookies und Web Beacons erzeugten Informationen \u00fcber die Benutzung dieser Website (einschlie\u00dflich der IP-Adresse der Nutzer) und Auslieferung von Werbung k\u00f6nnen auch an Server von Google LLC in der Europ\u00e4ischen Union und den USA \u00fcbertragen und dort gespeichert werden. (vgl. Nr. 8). Die weitergebenen Daten k\u00f6nnen nicht mit anderen von Ihnen gespeicherten Daten zusammengef\u00fchrt werden.<\/p>\n<p>Ob Cookies gesetzt und abgerufen werden k\u00f6nnen, k\u00f6nnen Sie durch die Einstellungen in Ihrem Browser selbst bestimmen. Sie k\u00f6nnen in Ihrem Browser etwa das Speichern von Cookies g\u00e4nzlich deaktivieren, es auf bestimmte Webseiten beschr\u00e4nken oder Ihren Browser so konfigurieren, dass er Sie automatisch benachrichtigt, sobald ein Cookie gesetzt werden soll und Sie um R\u00fcckmeldung dazu bittet. F\u00fcr den vollen Funktionsumfang unseres Internetauftritts ist es allerdings aus technischen Gr\u00fcnden erforderlich, die genannten Session Cookies zuzulassen.<\/p>\n<p>Ab dem Inkrafttreten der Datenschutzgrundverordnung am 25.05.2018 werden wir vor der Nutzung von Cookies Ihre explizite Zustimmung f\u00fcr die Nutzung von Cookies vor deren Verwendung einholen.<\/p>\n<p><strong>6. Widerrufs- und Widerspruchsrecht<\/strong><\/p>\n<p>Wir weisen Sie darauf hin, dass Sie eine uns ggf. erteilte datenschutzrechtliche Einwilligung jederzeit mit Wirkung f\u00fcr die Zukunft widerrufen k\u00f6nnen. Soweit gesetzliche Anforderungen zur Erhebung von Daten bestehen (z.B. Architektenliste), besteht kein Widerrufsrecht.<\/p>\n<p><strong>7. Widerspruch Werbe-Mails<\/strong><\/p>\n<p>Der Nutzung von im Rahmen der Impressumspflicht ver\u00f6ffentlichten Kontaktdaten zur \u00dcbersendung von nicht ausdr\u00fccklich angeforderter Werbung und Informationsmaterialien wird hiermit ausdr\u00fccklich widersprochen. Die Betreiber der Seiten behalten sich ausdr\u00fccklich rechtliche Schritte im Falle der unverlangten Zusendung von Werbeinformationen, etwa durch Spam-E-Mails, vor.<\/p>\n<p><strong>8. Einsatz von Statistiktools<\/strong><\/p>\n<p><strong>Google Analytics<\/strong><\/p>\n<p>Wir setzen auf Grundlage unserer berechtigten Interessen (d.h. Interesse an der Analyse, Optimierung und wirtschaftlichem Betrieb unseres Onlineangebotes im Sinne des Art. 6 Abs. 1 lit. f. DSGVO) Google Analytics, einen Webanalysedienst der Google LLC (\u201eGoogle\u201c) ein. Google verwendet Cookies. Die durch das Cookie erzeugten Informationen \u00fcber Benutzung des Onlineangebotes durch die Nutzer werden in der Regel an einen Server von Google in den USA \u00fcbertragen und dort gespeichert.<\/p>\n<p>Google ist unter dem Privacy-Shield-Abkommen zertifiziert und bietet hierdurch eine Garantie, das europ\u00e4ische Datenschutzrecht einzuhalten (https:\/\/www.privacyshield.gov\/participant?id=a2zt000000001L5AAI&amp;status=Active).<\/p>\n<p>Google wird diese Informationen in unserem Auftrag benutzen, um die Nutzung unseres Onlineangebotes durch die Nutzer auszuwerten, um Reports \u00fcber die Aktivit\u00e4ten innerhalb dieses Onlineangebotes zusammenzustellen und um weitere, mit der Nutzung dieses Onlineangebotes und der Internetnutzung verbundene Dienstleistungen, uns gegen\u00fcber zu erbringen. Dabei k\u00f6nnen aus den verarbeiteten Daten pseudonyme Nutzungsprofile der Nutzer erstellt werden.<\/p>\n<p>Wir setzen Google Analytics nur mit aktivierter IP-Anonymisierung ein. Das bedeutet, die IP-Adresse der Nutzer wird von Google innerhalb von Mitgliedstaaten der Europ\u00e4ischen Union oder in anderen Vertragsstaaten des Abkommens \u00fcber den Europ\u00e4ischen Wirtschaftsraum gek\u00fcrzt. Nur in Ausnahmef\u00e4llen wird die volle IP-Adresse an einen Server von Google in den USA \u00fcbertragen und dort gek\u00fcrzt.<\/p>\n<p>Die von dem Browser des Nutzers \u00fcbermittelte IP-Adresse wird nicht mit anderen Daten von Google zusammengef\u00fchrt. Die Nutzer k\u00f6nnen die Speicherung der Cookies durch eine entsprechende Einstellung ihrer Browser-Software verhindern; die Nutzer k\u00f6nnen dar\u00fcber hinaus die Erfassung der durch das Cookie erzeugten und auf ihre Nutzung des Onlineangebotes bezogenen Daten an Google sowie die Verarbeitung dieser Daten durch Google verhindern, indem sie das unter folgendem Link verf\u00fcgbare Browser-Plugin herunterladen und installieren: http:\/\/tools.google.com\/dlpage\/gaoptout?hl=de.<\/p>\n<p>Weitere Informationen zur Datennutzung durch Google, Einstellungs- und Widerspruchsm\u00f6glichkeiten, erfahren Sie in der Datenschutzerkl\u00e4rung von Google (https:\/\/policies.google.com\/technologies\/ads) sowie in den Einstellungen f\u00fcr die Darstellung von Werbeeinblendungen durch Google (https:\/\/adssettings.google.com\/authenticated).<\/p>\n<p>Die personenbezogenen Daten der Nutzer werden nach 14 Monaten gel\u00f6scht oder anonymisiert.<\/p>\n<p><em>Erstellt mit Datenschutz-Generator.de von RA Dr. Thomas Schwenke<\/em><\/p>\n<p>Alternativ zum Browser-Add-On oder innerhalb von Browsern auf mobilen Ger\u00e4ten, klicken Sie bitte diesen Link, um die Erfassung durch Google Analytics innerhalb dieser Website zuk\u00fcnftig zu verhindern:<\/p>\n<p><em>Analytics-Opt-Out\u00a0<a id=\"gaoo-link\" class=\"gaoo-link-deactivate\"><\/a>Verbiete Google Analytics, mich zu verfolgen<\/em><\/p>\n<p>Dabei wird ein Opt-Out-Cookie auf Ihrem Ger\u00e4t abgelegt. L\u00f6schen Sie Ihre Cookies, m\u00fcssen Sie diesen Link erneut klicken.<\/p>\n<p><strong>9. Datensicherheit<\/strong><\/p>\n<p>Wir setzen zudem technische und organisatorische Sicherheitsma\u00dfnahmen ein, um anfallende oder erhobene personenbezogene Daten zu sch\u00fctzen, insb. gegen zuf\u00e4llige oder vors\u00e4tzliche Manipulation, Verlust, Zerst\u00f6rung oder gegen den Angriff unberechtigter Personen. Unsere Sicherheitsma\u00dfnahmen werden entsprechend der technologischen Entwicklung fortlaufend verbessert.<\/p>\n<p><strong>10. Datenschutzerkl\u00e4rung f\u00fcr die Nutzung von Google Web Fonts<\/strong><\/p>\n<p>Diese Seite nutzt zur einheitlichen Darstellung von Schriftarten so genannte Web Fonts, die von Google bereitgestellt werden. Beim Aufruf einer Seite l\u00e4dt Ihr Browser die ben\u00f6tigten Web Fonts in ihren Browsercache, um Texte und Schriftarten korrekt anzuzeigen. Wenn Ihr Browser Web Fonts nicht unterst\u00fctzt, wird eine Standardschrift von Ihrem Computer genutzt.<\/p>\n<p>Weitere Informationen zu Google Web Fonts finden Sie unter https:\/\/developers.google.com\/fonts\/faq und in der Datenschutzerkl\u00e4rung von Google: https:\/\/www.google.com\/policies\/privacy\/<\/p>\n<p><strong>11. Einbindung von Diensten und Inhalten Dritter<\/strong><\/p>\n<p>Es kann vorkommen, dass innerhalb dieses Onlineangebotes Inhalte Dritter, wie zum Beispiel Videos von YouTube, Kartenmaterial von Google-Maps, RSS-Feeds oder Grafiken von anderen Webseiten eingebunden werden. Dies setzt immer voraus, dass die Anbieter dieser Inhalte (nachfolgend bezeichnet als \u201cDritt-Anbieter\u201d) die IP-Adresse der Nutzer wahrnehmen. Denn ohne die IP-Adresse, k\u00f6nnten sie die Inhalte nicht an den Browser des jeweiligen Nutzers senden. Die IP-Adresse ist damit f\u00fcr die Darstellung dieser Inhalte erforderlich. Wir bem\u00fchen uns nur solche Inhalte zu verwenden, deren jeweilige Anbieter die IP-Adresse lediglich zur Auslieferung der Inhalte verwenden. Jedoch haben wir keinen Einfluss darauf, falls die Dritt-Anbieter die IP-Adresse z.B. f\u00fcr statistische Zwecke speichern. Soweit dies uns bekannt ist, kl\u00e4ren wir die Nutzer dar\u00fcber auf.<\/p>\n<p><strong>12. L\u00f6schfristen<\/strong><\/p>\n<p>Wir speichern personenbezogene Daten jeweils nur so lange, bis der Zweck der Datenspeicherung entf\u00e4llt, so lange keine gesetzlichen Aufbewahrungsfristen oder Verj\u00e4hrungsfristen von m\u00f6glicherweise der Rechtsverfolgung dienlichen Daten der L\u00f6schung entgegenstehen (in diesem Fall wird die Verarbeitung der Daten nach Art. 18 DSGVO eingeschr\u00e4nkt).<\/p>\n","protected":false},"excerpt":{"rendered":"<p>Datenschutzerkl\u00e4rung von Fotografie \u2013 Ines Escherich \u00a01. Gegenstand dieser Datenschutzerkl\u00e4rung Der Schutz Ihrer personenbezogenen Daten (im Folgenden kurz \u201eDaten\u201c) ist uns ein gro\u00dfes und sehr wichtiges Anliegen. Nachfolgend m\u00f6chten wir Sie daher ausf\u00fchrlich dar\u00fcber informieren, welche Daten bei uns erhoben und wie diese von uns im Folgenden verarbeitet oder genutzt werden, ebenso wie, welche begleitenden [&hellip;]<\/p>\n","protected":false},"author":1,"featured_media":0,"parent":0,"menu_order":0,"comment_status":"closed","ping_status":"closed","template":"","meta":[],"yoast_head":"<!-- This site is optimized with the Yoast SEO plugin v17.0 - https:\/\/yoast.com\/wordpress\/plugins\/seo\/ -->\n<title>DATENSCHUTZERKL\u00c4RUNG - Apartment im Schlossviertel<\/title>\n<meta name=\"robots\" content=\"index, follow, max-snippet:-1, max-image-preview:large, max-video-preview:-1\" \/>\n<link rel=\"canonical\" href=\"https:\/\/apartment-im-schlossviertel.de\/?page_id=50\" \/>\n<meta property=\"og:locale\" content=\"de_DE\" \/>\n<meta property=\"og:type\" content=\"article\" \/>\n<meta property=\"og:title\" content=\"DATENSCHUTZERKL\u00c4RUNG - Apartment im Schlossviertel\" \/>\n<meta property=\"og:description\" content=\"Datenschutzerkl\u00e4rung von Fotografie \u2013 Ines Escherich \u00a01. Gegenstand dieser Datenschutzerkl\u00e4rung Der Schutz Ihrer personenbezogenen Daten (im Folgenden kurz \u201eDaten\u201c) ist uns ein gro\u00dfes und sehr wichtiges Anliegen. Nachfolgend m\u00f6chten wir Sie daher ausf\u00fchrlich dar\u00fcber informieren, welche Daten bei uns erhoben und wie diese von uns im Folgenden verarbeitet oder genutzt werden, ebenso wie, welche begleitenden [&hellip;]\" \/>\n<meta property=\"og:url\" content=\"https:\/\/apartment-im-schlossviertel.de\/?page_id=50\" \/>\n<meta property=\"og:site_name\" content=\"Apartment im Schlossviertel\" \/>\n<meta property=\"article:modified_time\" content=\"2018-08-20T09:44:45+00:00\" \/>\n<meta name=\"twitter:card\" content=\"summary_large_image\" \/>\n<meta name=\"twitter:label1\" content=\"Gesch\u00e4tzte Lesezeit\" \/>\n\t<meta name=\"twitter:data1\" content=\"9\u00a0Minuten\" \/>\n<script type=\"application\/ld+json\" class=\"yoast-schema-graph\">{\"@context\":\"https:\/\/schema.org\",\"@graph\":[{\"@type\":\"WebSite\",\"@id\":\"https:\/\/apartment-im-schlossviertel.de\/#website\",\"url\":\"https:\/\/apartment-im-schlossviertel.de\/\",\"name\":\"Apartment im Schlossviertel\",\"description\":\"\",\"potentialAction\":[{\"@type\":\"SearchAction\",\"target\":{\"@type\":\"EntryPoint\",\"urlTemplate\":\"https:\/\/apartment-im-schlossviertel.de\/?s={search_term_string}\"},\"query-input\":\"required name=search_term_string\"}],\"inLanguage\":\"de\"},{\"@type\":\"WebPage\",\"@id\":\"https:\/\/apartment-im-schlossviertel.de\/?page_id=50#webpage\",\"url\":\"https:\/\/apartment-im-schlossviertel.de\/?page_id=50\",\"name\":\"DATENSCHUTZERKL\\u00c4RUNG - Apartment im Schlossviertel\",\"isPartOf\":{\"@id\":\"https:\/\/apartment-im-schlossviertel.de\/#website\"},\"datePublished\":\"2018-08-17T13:30:01+00:00\",\"dateModified\":\"2018-08-20T09:44:45+00:00\",\"breadcrumb\":{\"@id\":\"https:\/\/apartment-im-schlossviertel.de\/?page_id=50#breadcrumb\"},\"inLanguage\":\"de\",\"potentialAction\":[{\"@type\":\"ReadAction\",\"target\":[\"https:\/\/apartment-im-schlossviertel.de\/?page_id=50\"]}]},{\"@type\":\"BreadcrumbList\",\"@id\":\"https:\/\/apartment-im-schlossviertel.de\/?page_id=50#breadcrumb\",\"itemListElement\":[{\"@type\":\"ListItem\",\"position\":1,\"name\":\"Startseite\",\"item\":\"https:\/\/apartment-im-schlossviertel.de\/\"},{\"@type\":\"ListItem\",\"position\":2,\"name\":\"DATENSCHUTZERKL\\u00c4RUNG\"}]}]}<\/script>\n<!-- \/ Yoast SEO plugin. -->","yoast_head_json":{"title":"DATENSCHUTZERKL\u00c4RUNG - Apartment im Schlossviertel","robots":{"index":"index","follow":"follow","max-snippet":"max-snippet:-1","max-image-preview":"max-image-preview:large","max-video-preview":"max-video-preview:-1"},"canonical":"https:\/\/apartment-im-schlossviertel.de\/?page_id=50","og_locale":"de_DE","og_type":"article","og_title":"DATENSCHUTZERKL\u00c4RUNG - Apartment im Schlossviertel","og_description":"Datenschutzerkl\u00e4rung von Fotografie \u2013 Ines Escherich \u00a01. Gegenstand dieser Datenschutzerkl\u00e4rung Der Schutz Ihrer personenbezogenen Daten (im Folgenden kurz \u201eDaten\u201c) ist uns ein gro\u00dfes und sehr wichtiges Anliegen. Nachfolgend m\u00f6chten wir Sie daher ausf\u00fchrlich dar\u00fcber informieren, welche Daten bei uns erhoben und wie diese von uns im Folgenden verarbeitet oder genutzt werden, ebenso wie, welche begleitenden [&hellip;]","og_url":"https:\/\/apartment-im-schlossviertel.de\/?page_id=50","og_site_name":"Apartment im Schlossviertel","article_modified_time":"2018-08-20T09:44:45+00:00","twitter_card":"summary_large_image","twitter_misc":{"Gesch\u00e4tzte Lesezeit":"9\u00a0Minuten"},"schema":{"@context":"https:\/\/schema.org","@graph":[{"@type":"WebSite","@id":"https:\/\/apartment-im-schlossviertel.de\/#website","url":"https:\/\/apartment-im-schlossviertel.de\/","name":"Apartment im Schlossviertel","description":"","potentialAction":[{"@type":"SearchAction","target":{"@type":"EntryPoint","urlTemplate":"https:\/\/apartment-im-schlossviertel.de\/?s={search_term_string}"},"query-input":"required name=search_term_string"}],"inLanguage":"de"},{"@type":"WebPage","@id":"https:\/\/apartment-im-schlossviertel.de\/?page_id=50#webpage","url":"https:\/\/apartment-im-schlossviertel.de\/?page_id=50","name":"DATENSCHUTZERKL\u00c4RUNG - Apartment im Schlossviertel","isPartOf":{"@id":"https:\/\/apartment-im-schlossviertel.de\/#website"},"datePublished":"2018-08-17T13:30:01+00:00","dateModified":"2018-08-20T09:44:45+00:00","breadcrumb":{"@id":"https:\/\/apartment-im-schlossviertel.de\/?page_id=50#breadcrumb"},"inLanguage":"de","potentialAction":[{"@type":"ReadAction","target":["https:\/\/apartment-im-schlossviertel.de\/?page_id=50"]}]},{"@type":"BreadcrumbList","@id":"https:\/\/apartment-im-schlossviertel.de\/?page_id=50#breadcrumb","itemListElement":[{"@type":"ListItem","position":1,"name":"Startseite","item":"https:\/\/apartment-im-schlossviertel.de\/"},{"@type":"ListItem","position":2,"name":"DATENSCHUTZERKL\u00c4RUNG"}]}]}},"_links":{"self":[{"href":"https:\/\/apartment-im-schlossviertel.de\/index.php?rest_route=\/wp\/v2\/pages\/50"}],"collection":[{"href":"https:\/\/apartment-im-schlossviertel.de\/index.php?rest_route=\/wp\/v2\/pages"}],"about":[{"href":"https:\/\/apartment-im-schlossviertel.de\/index.php?rest_route=\/wp\/v2\/types\/page"}],"author":[{"embeddable":true,"href":"https:\/\/apartment-im-schlossviertel.de\/index.php?rest_route=\/wp\/v2\/users\/1"}],"replies":[{"embeddable":true,"href":"https:\/\/apartment-im-schlossviertel.de\/index.php?rest_route=%2Fwp%2Fv2%2Fcomments&post=50"}],"version-history":[{"count":3,"href":"https:\/\/apartment-im-schlossviertel.de\/index.php?rest_route=\/wp\/v2\/pages\/50\/revisions"}],"predecessor-version":[{"id":92,"href":"https:\/\/apartment-im-schlossviertel.de\/index.php?rest_route=\/wp\/v2\/pages\/50\/revisions\/92"}],"wp:attachment":[{"href":"https:\/\/apartment-im-schlossviertel.de\/index.php?rest_route=%2Fwp%2Fv2%2Fmedia&parent=50"}],"curies":[{"name":"wp","href":"https:\/\/api.w.org\/{rel}","templated":true}]}}